{"id":126,"date":"2018-10-15T21:40:34","date_gmt":"2018-10-15T19:40:34","guid":{"rendered":"http:\/\/www.brachwitz.eu\/?page_id=126"},"modified":"2018-10-16T22:16:03","modified_gmt":"2018-10-16T20:16:03","slug":"links","status":"publish","type":"page","link":"https:\/\/www.brachwitz.eu\/index.php\/links\/","title":{"rendered":"Links"},"content":{"rendered":"<p style=\"text-align: left;\"><div style=\"clear:both;\"><\/div><div id=\"gallery-wplp\" class=\"galleryid-wplp gallery-columns-2  wplp-display\"><figure id=\"gallery-item-0\" class=\"gallery-item wplp-item\">\n\t\t\t\t<div class=\"gallery-icon landscape\">\n\t\t\t\t<a class=\"wplp_link\" href=\"https:\/\/www.kita-saalepiraten.de\" target=\"_blank\">\n\t\t\t\t<img loading=\"lazy\" decoding=\"async\" width=\"525\" height=\"394\" src=\"https:\/\/www.brachwitz.eu\/wp-content\/uploads\/wp-links-page\/KitaSaalepiraten-768x576.jpg\" class=\"attachment-medium_large size-medium_large\" alt=\"\" style=\"box-shadow: 0 5px 10px 0 rgba(0,0,0,0.2),0 5px 15px 0 rgba(0,0,0,0.19);\" srcset=\"https:\/\/www.brachwitz.eu\/wp-content\/uploads\/wp-links-page\/KitaSaalepiraten-768x576.jpg 768w, https:\/\/www.brachwitz.eu\/wp-content\/uploads\/wp-links-page\/KitaSaalepiraten-300x225.jpg 300w, https:\/\/www.brachwitz.eu\/wp-content\/uploads\/wp-links-page\/KitaSaalepiraten-1024x768.jpg 1024w, https:\/\/www.brachwitz.eu\/wp-content\/uploads\/wp-links-page\/KitaSaalepiraten.jpg 1280w\" sizes=\"auto, 100vw\" \/>\n\t\t\t\t<p class=\"wplp_display\" style=\"font-style: italic; text-align: center\" >Kita Saalepiraten<\/p>\n\t\t\t\t<p class=\"wplp_desc\" style=\"\"><\/p>\n\t\t\t\t<\/a>\n\t\t\t\t<\/div>\n\t\t\t\t<\/figure><figure id=\"gallery-item-1\" class=\"gallery-item wplp-item\">\n\t\t\t\t<div class=\"gallery-icon landscape\">\n\t\t\t\t<a class=\"wplp_link\" href=\"https:\/\/www.coermigkerkaesekaestchen.de\" target=\"_blank\">\n\t\t\t\t<img loading=\"lazy\" decoding=\"async\" width=\"525\" height=\"394\" src=\"https:\/\/www.brachwitz.eu\/wp-content\/uploads\/wp-links-page\/CrmigkerKsekstchen1777319921-768x576.jpg\" class=\"attachment-medium_large size-medium_large\" alt=\"\" style=\"box-shadow: 0 5px 10px 0 rgba(0,0,0,0.2),0 5px 15px 0 rgba(0,0,0,0.19);\" srcset=\"https:\/\/www.brachwitz.eu\/wp-content\/uploads\/wp-links-page\/CrmigkerKsekstchen1777319921-768x576.jpg 768w, https:\/\/www.brachwitz.eu\/wp-content\/uploads\/wp-links-page\/CrmigkerKsekstchen1777319921-300x225.jpg 300w, https:\/\/www.brachwitz.eu\/wp-content\/uploads\/wp-links-page\/CrmigkerKsekstchen1777319921-1024x768.jpg 1024w, https:\/\/www.brachwitz.eu\/wp-content\/uploads\/wp-links-page\/CrmigkerKsekstchen1777319921.jpg 1280w\" sizes=\"auto, 100vw\" \/>\n\t\t\t\t<p class=\"wplp_display\" style=\"font-style: italic; text-align: center\" >C\u00f6rmigker K\u00e4sek\u00e4stchen<\/p>\n\t\t\t\t<p class=\"wplp_desc\" style=\"\"><\/p>\n\t\t\t\t<\/a>\n\t\t\t\t<\/div>\n\t\t\t\t<\/figure><figure id=\"gallery-item-2\" class=\"gallery-item wplp-item\">\n\t\t\t\t<div class=\"gallery-icon landscape\">\n\t\t\t\t<a class=\"wplp_link\" href=\"http:\/\/www.brachwitzer-alpenhonig.de\" target=\"_blank\">\n\t\t\t\t<img loading=\"lazy\" decoding=\"async\" width=\"525\" height=\"394\" src=\"https:\/\/www.brachwitz.eu\/wp-content\/uploads\/wp-links-page\/BrachwitzerAlpenhonig-768x576.jpg\" class=\"attachment-medium_large size-medium_large\" alt=\"\" style=\"box-shadow: 0 5px 10px 0 rgba(0,0,0,0.2),0 5px 15px 0 rgba(0,0,0,0.19);\" srcset=\"https:\/\/www.brachwitz.eu\/wp-content\/uploads\/wp-links-page\/BrachwitzerAlpenhonig-768x576.jpg 768w, https:\/\/www.brachwitz.eu\/wp-content\/uploads\/wp-links-page\/BrachwitzerAlpenhonig-300x225.jpg 300w, https:\/\/www.brachwitz.eu\/wp-content\/uploads\/wp-links-page\/BrachwitzerAlpenhonig-1024x768.jpg 1024w, https:\/\/www.brachwitz.eu\/wp-content\/uploads\/wp-links-page\/BrachwitzerAlpenhonig.jpg 1280w\" sizes=\"auto, 100vw\" \/>\n\t\t\t\t<p class=\"wplp_display\" style=\"font-style: italic; text-align: center\" >Brachwitzer Alpenhonig<\/p>\n\t\t\t\t<p class=\"wplp_desc\" style=\"\"><\/p>\n\t\t\t\t<\/a>\n\t\t\t\t<\/div>\n\t\t\t\t<\/figure><figure id=\"gallery-item-3\" class=\"gallery-item wplp-item\">\n\t\t\t\t<div class=\"gallery-icon landscape\">\n\t\t\t\t<a class=\"wplp_link\" href=\"http:\/\/www.sternwarte-brachwitz.de\" target=\"_blank\">\n\t\t\t\t<img loading=\"lazy\" decoding=\"async\" width=\"525\" height=\"394\" src=\"https:\/\/www.brachwitz.eu\/wp-content\/uploads\/wp-links-page\/SternwarteBrachwitz-768x576.jpg\" class=\"attachment-medium_large size-medium_large\" alt=\"\" style=\"box-shadow: 0 5px 10px 0 rgba(0,0,0,0.2),0 5px 15px 0 rgba(0,0,0,0.19);\" srcset=\"https:\/\/www.brachwitz.eu\/wp-content\/uploads\/wp-links-page\/SternwarteBrachwitz-768x576.jpg 768w, https:\/\/www.brachwitz.eu\/wp-content\/uploads\/wp-links-page\/SternwarteBrachwitz-300x225.jpg 300w, https:\/\/www.brachwitz.eu\/wp-content\/uploads\/wp-links-page\/SternwarteBrachwitz-1024x768.jpg 1024w, https:\/\/www.brachwitz.eu\/wp-content\/uploads\/wp-links-page\/SternwarteBrachwitz.jpg 1280w\" sizes=\"auto, 100vw\" \/>\n\t\t\t\t<p class=\"wplp_display\" style=\"font-style: italic; text-align: center\" >Sternwarte Brachwitz<\/p>\n\t\t\t\t<p class=\"wplp_desc\" style=\"\"><\/p>\n\t\t\t\t<\/a>\n\t\t\t\t<\/div>\n\t\t\t\t<\/figure><figure id=\"gallery-item-4\" class=\"gallery-item wplp-item\">\n\t\t\t\t<div class=\"gallery-icon landscape\">\n\t\t\t\t<a class=\"wplp_link\" href=\"http:\/\/www.feuerwehr-brachwitz.de\" target=\"_blank\">\n\t\t\t\t<img loading=\"lazy\" decoding=\"async\" width=\"525\" height=\"394\" src=\"https:\/\/www.brachwitz.eu\/wp-content\/uploads\/wp-links-page\/FeuerwehrBrachwitz1777236767-768x576.jpg\" class=\"attachment-medium_large size-medium_large\" alt=\"\" style=\"box-shadow: 0 5px 10px 0 rgba(0,0,0,0.2),0 5px 15px 0 rgba(0,0,0,0.19);\" srcset=\"https:\/\/www.brachwitz.eu\/wp-content\/uploads\/wp-links-page\/FeuerwehrBrachwitz1777236767-768x576.jpg 768w, https:\/\/www.brachwitz.eu\/wp-content\/uploads\/wp-links-page\/FeuerwehrBrachwitz1777236767-300x225.jpg 300w, https:\/\/www.brachwitz.eu\/wp-content\/uploads\/wp-links-page\/FeuerwehrBrachwitz1777236767-1024x768.jpg 1024w, https:\/\/www.brachwitz.eu\/wp-content\/uploads\/wp-links-page\/FeuerwehrBrachwitz1777236767.jpg 1280w\" sizes=\"auto, 100vw\" \/>\n\t\t\t\t<p class=\"wplp_display\" style=\"font-style: italic; text-align: center\" >Feuerwehr Brachwitz<\/p>\n\t\t\t\t<p class=\"wplp_desc\" style=\"\"><\/p>\n\t\t\t\t<\/a>\n\t\t\t\t<\/div>\n\t\t\t\t<\/figure><figure id=\"gallery-item-5\" class=\"gallery-item wplp-item\">\n\t\t\t\t<div class=\"gallery-icon landscape\">\n\t\t\t\t<a class=\"wplp_link\" href=\"http:\/\/www.f\u00e4hren-wettin-l\u00f6bej\u00fcn.de\" target=\"_blank\">\n\t\t\t\t<img loading=\"lazy\" decoding=\"async\" width=\"400\" height=\"300\" src=\"https:\/\/www.brachwitz.eu\/wp-content\/uploads\/wp-links-page\/FhrenWettinLbejn1775848806.jpg\" class=\"attachment-medium_large size-medium_large\" alt=\"\" style=\"box-shadow: 0 5px 10px 0 rgba(0,0,0,0.2),0 5px 15px 0 rgba(0,0,0,0.19);\" sizes=\"auto, 100vw\" \/>\n\t\t\t\t<p class=\"wplp_display\" style=\"font-style: italic; text-align: center\" >F\u00e4hren Wettin-L\u00f6bej\u00fcn<\/p>\n\t\t\t\t<p class=\"wplp_desc\" style=\"\"><\/p>\n\t\t\t\t<\/a>\n\t\t\t\t<\/div>\n\t\t\t\t<\/figure><figure id=\"gallery-item-6\" class=\"gallery-item wplp-item\">\n\t\t\t\t<div class=\"gallery-icon landscape\">\n\t\t\t\t<a class=\"wplp_link\" href=\"http:\/\/www.pizzeria-ciccio.de\/pension.html\" target=\"_blank\">\n\t\t\t\t<img loading=\"lazy\" decoding=\"async\" width=\"400\" height=\"300\" src=\"https:\/\/www.brachwitz.eu\/wp-content\/uploads\/wp-links-page\/PensionCasaLuciko1771442524.jpg\" class=\"attachment-medium_large size-medium_large\" alt=\"\" style=\"box-shadow: 0 5px 10px 0 rgba(0,0,0,0.2),0 5px 15px 0 rgba(0,0,0,0.19);\" sizes=\"auto, 100vw\" \/>\n\t\t\t\t<p class=\"wplp_display\" style=\"font-style: italic; text-align: center\" >Pension Casa Luciko<\/p>\n\t\t\t\t<p class=\"wplp_desc\" style=\"\"><\/p>\n\t\t\t\t<\/a>\n\t\t\t\t<\/div>\n\t\t\t\t<\/figure><figure id=\"gallery-item-7\" class=\"gallery-item wplp-item\">\n\t\t\t\t<div class=\"gallery-icon landscape\">\n\t\t\t\t<a class=\"wplp_link\" href=\"https:\/\/www.facebook.com\/Brachwitzer-Carnevals-Club-eV-282398975433033\" target=\"_blank\">\n\t\t\t\t<img loading=\"lazy\" decoding=\"async\" width=\"525\" height=\"253\" src=\"https:\/\/www.brachwitz.eu\/wp-content\/uploads\/2022\/06\/Bildschirmfoto-2022-06-27-um-13.23.57-768x370.png\" class=\"attachment-medium_large size-medium_large\" alt=\"\" style=\"box-shadow: 0 5px 10px 0 rgba(0,0,0,0.2),0 5px 15px 0 rgba(0,0,0,0.19);\" srcset=\"https:\/\/www.brachwitz.eu\/wp-content\/uploads\/2022\/06\/Bildschirmfoto-2022-06-27-um-13.23.57-768x370.png 768w, https:\/\/www.brachwitz.eu\/wp-content\/uploads\/2022\/06\/Bildschirmfoto-2022-06-27-um-13.23.57-300x144.png 300w, https:\/\/www.brachwitz.eu\/wp-content\/uploads\/2022\/06\/Bildschirmfoto-2022-06-27-um-13.23.57-1024x493.png 1024w, https:\/\/www.brachwitz.eu\/wp-content\/uploads\/2022\/06\/Bildschirmfoto-2022-06-27-um-13.23.57.png 1221w\" sizes=\"auto, 100vw\" \/>\n\t\t\t\t<p class=\"wplp_display\" style=\"font-style: italic; text-align: center\" >Brachwitzer Carneval Club<\/p>\n\t\t\t\t<p class=\"wplp_desc\" style=\"\"><\/p>\n\t\t\t\t<\/a>\n\t\t\t\t<\/div>\n\t\t\t\t<\/figure><figure id=\"gallery-item-8\" class=\"gallery-item wplp-item\">\n\t\t\t\t<div class=\"gallery-icon landscape\">\n\t\t\t\t<a class=\"wplp_link\" href=\"https:\/\/www.juliebeckfotografie.de\/juliebeckfotografie\" target=\"_blank\">\n\t\t\t\t<img loading=\"lazy\" decoding=\"async\" width=\"400\" height=\"300\" src=\"https:\/\/www.brachwitz.eu\/wp-content\/uploads\/wp-links-page\/JulieBeckFotografie.jpg\" class=\"attachment-medium_large size-medium_large\" alt=\"\" style=\"box-shadow: 0 5px 10px 0 rgba(0,0,0,0.2),0 5px 15px 0 rgba(0,0,0,0.19);\" sizes=\"auto, 100vw\" \/>\n\t\t\t\t<p class=\"wplp_display\" style=\"font-style: italic; text-align: center\" >Julie Beck Fotografie<\/p>\n\t\t\t\t<p class=\"wplp_desc\" style=\"\"><\/p>\n\t\t\t\t<\/a>\n\t\t\t\t<\/div>\n\t\t\t\t<\/figure><figure id=\"gallery-item-9\" class=\"gallery-item wplp-item\">\n\t\t\t\t<div class=\"gallery-icon landscape\">\n\t\t\t\t<a class=\"wplp_link\" href=\"https:\/\/www.kobatec.de\" target=\"_blank\">\n\t\t\t\t<img loading=\"lazy\" decoding=\"async\" width=\"525\" height=\"394\" src=\"https:\/\/www.brachwitz.eu\/wp-content\/uploads\/wp-links-page\/Kobatec1777146560-768x576.jpg\" class=\"attachment-medium_large size-medium_large\" alt=\"\" style=\"box-shadow: 0 5px 10px 0 rgba(0,0,0,0.2),0 5px 15px 0 rgba(0,0,0,0.19);\" srcset=\"https:\/\/www.brachwitz.eu\/wp-content\/uploads\/wp-links-page\/Kobatec1777146560-768x576.jpg 768w, https:\/\/www.brachwitz.eu\/wp-content\/uploads\/wp-links-page\/Kobatec1777146560-300x225.jpg 300w, https:\/\/www.brachwitz.eu\/wp-content\/uploads\/wp-links-page\/Kobatec1777146560-1024x768.jpg 1024w, https:\/\/www.brachwitz.eu\/wp-content\/uploads\/wp-links-page\/Kobatec1777146560.jpg 1280w\" sizes=\"auto, 100vw\" \/>\n\t\t\t\t<p class=\"wplp_display\" style=\"font-style: italic; text-align: center\" >Kobatec<\/p>\n\t\t\t\t<p class=\"wplp_desc\" style=\"\"><\/p>\n\t\t\t\t<\/a>\n\t\t\t\t<\/div>\n\t\t\t\t<\/figure><figure id=\"gallery-item-10\" class=\"gallery-item wplp-item\">\n\t\t\t\t<div class=\"gallery-icon landscape\">\n\t\t\t\t<a class=\"wplp_link\" href=\"http:\/\/www.pizzeria-ciccio.de\" target=\"_blank\">\n\t\t\t\t<img loading=\"lazy\" decoding=\"async\" width=\"525\" height=\"394\" src=\"https:\/\/www.brachwitz.eu\/wp-content\/uploads\/wp-links-page\/PizzeriaCiccio1777492207-768x576.jpg\" class=\"attachment-medium_large size-medium_large\" alt=\"\" style=\"box-shadow: 0 5px 10px 0 rgba(0,0,0,0.2),0 5px 15px 0 rgba(0,0,0,0.19);\" srcset=\"https:\/\/www.brachwitz.eu\/wp-content\/uploads\/wp-links-page\/PizzeriaCiccio1777492207-768x576.jpg 768w, https:\/\/www.brachwitz.eu\/wp-content\/uploads\/wp-links-page\/PizzeriaCiccio1777492207-300x225.jpg 300w, https:\/\/www.brachwitz.eu\/wp-content\/uploads\/wp-links-page\/PizzeriaCiccio1777492207-1024x768.jpg 1024w, https:\/\/www.brachwitz.eu\/wp-content\/uploads\/wp-links-page\/PizzeriaCiccio1777492207.jpg 1280w\" sizes=\"auto, 100vw\" \/>\n\t\t\t\t<p class=\"wplp_display\" style=\"font-style: italic; text-align: center\" >Pizzeria Ciccio<\/p>\n\t\t\t\t<p class=\"wplp_desc\" style=\"\"><\/p>\n\t\t\t\t<\/a>\n\t\t\t\t<\/div>\n\t\t\t\t<\/figure><figure id=\"gallery-item-11\" class=\"gallery-item wplp-item\">\n\t\t\t\t<div class=\"gallery-icon landscape\">\n\t\t\t\t<a class=\"wplp_link\" href=\"http:\/\/www.saalekiez.de\" target=\"_blank\">\n\t\t\t\t<img loading=\"lazy\" decoding=\"async\" width=\"525\" height=\"394\" src=\"https:\/\/www.brachwitz.eu\/wp-content\/uploads\/wp-links-page\/Saalekiez1777492204-768x576.jpg\" class=\"attachment-medium_large size-medium_large\" alt=\"\" style=\"box-shadow: 0 5px 10px 0 rgba(0,0,0,0.2),0 5px 15px 0 rgba(0,0,0,0.19);\" srcset=\"https:\/\/www.brachwitz.eu\/wp-content\/uploads\/wp-links-page\/Saalekiez1777492204-768x576.jpg 768w, https:\/\/www.brachwitz.eu\/wp-content\/uploads\/wp-links-page\/Saalekiez1777492204-300x225.jpg 300w, https:\/\/www.brachwitz.eu\/wp-content\/uploads\/wp-links-page\/Saalekiez1777492204-1024x768.jpg 1024w, https:\/\/www.brachwitz.eu\/wp-content\/uploads\/wp-links-page\/Saalekiez1777492204.jpg 1280w\" sizes=\"auto, 100vw\" \/>\n\t\t\t\t<p class=\"wplp_display\" style=\"font-style: italic; text-align: center\" >Saalekiez<\/p>\n\t\t\t\t<p class=\"wplp_desc\" style=\"\"><\/p>\n\t\t\t\t<\/a>\n\t\t\t\t<\/div>\n\t\t\t\t<\/figure><figure id=\"gallery-item-12\" class=\"gallery-item wplp-item\">\n\t\t\t\t<div class=\"gallery-icon landscape\">\n\t\t\t\t<a class=\"wplp_link\" href=\"http:\/\/www.wetterstation-brachwitz.de\" target=\"_blank\">\n\t\t\t\t<img loading=\"lazy\" decoding=\"async\" width=\"525\" height=\"394\" src=\"https:\/\/www.brachwitz.eu\/wp-content\/uploads\/wp-links-page\/WetterstationBrachwitz1777409157-768x576.jpg\" class=\"attachment-medium_large size-medium_large\" alt=\"\" style=\"box-shadow: 0 5px 10px 0 rgba(0,0,0,0.2),0 5px 15px 0 rgba(0,0,0,0.19);\" srcset=\"https:\/\/www.brachwitz.eu\/wp-content\/uploads\/wp-links-page\/WetterstationBrachwitz1777409157-768x576.jpg 768w, https:\/\/www.brachwitz.eu\/wp-content\/uploads\/wp-links-page\/WetterstationBrachwitz1777409157-300x225.jpg 300w, https:\/\/www.brachwitz.eu\/wp-content\/uploads\/wp-links-page\/WetterstationBrachwitz1777409157-1024x768.jpg 1024w, https:\/\/www.brachwitz.eu\/wp-content\/uploads\/wp-links-page\/WetterstationBrachwitz1777409157.jpg 1280w\" sizes=\"auto, 100vw\" \/>\n\t\t\t\t<p class=\"wplp_display\" style=\"font-style: italic; text-align: center\" >Wetterstation Brachwitz<\/p>\n\t\t\t\t<p class=\"wplp_desc\" style=\"\"><\/p>\n\t\t\t\t<\/a>\n\t\t\t\t<\/div>\n\t\t\t\t<\/figure><figure id=\"gallery-item-13\" class=\"gallery-item wplp-item\">\n\t\t\t\t<div class=\"gallery-icon landscape\">\n\t\t\t\t<a class=\"wplp_link\" href=\"https:\/\/www.kgv-wettin.de\/kirchen-und-gemeinden\/brachwitz\/\" target=\"_blank\">\n\t\t\t\t<img loading=\"lazy\" decoding=\"async\" width=\"525\" height=\"394\" src=\"https:\/\/www.brachwitz.eu\/wp-content\/uploads\/wp-links-page\/EvangelischeKirchengemeindeBrachwitz1777492211-768x576.jpg\" class=\"attachment-medium_large size-medium_large\" alt=\"\" style=\"box-shadow: 0 5px 10px 0 rgba(0,0,0,0.2),0 5px 15px 0 rgba(0,0,0,0.19);\" srcset=\"https:\/\/www.brachwitz.eu\/wp-content\/uploads\/wp-links-page\/EvangelischeKirchengemeindeBrachwitz1777492211-768x576.jpg 768w, https:\/\/www.brachwitz.eu\/wp-content\/uploads\/wp-links-page\/EvangelischeKirchengemeindeBrachwitz1777492211-300x225.jpg 300w, https:\/\/www.brachwitz.eu\/wp-content\/uploads\/wp-links-page\/EvangelischeKirchengemeindeBrachwitz1777492211-1024x768.jpg 1024w, https:\/\/www.brachwitz.eu\/wp-content\/uploads\/wp-links-page\/EvangelischeKirchengemeindeBrachwitz1777492211.jpg 1280w\" sizes=\"auto, 100vw\" \/>\n\t\t\t\t<p class=\"wplp_display\" style=\"font-style: italic; text-align: center\" >Evangelische Kirchengemeinde Brachwitz<\/p>\n\t\t\t\t<p class=\"wplp_desc\" style=\"\"><\/p>\n\t\t\t\t<\/a>\n\t\t\t\t<\/div>\n\t\t\t\t<\/figure><figure id=\"gallery-item-14\" class=\"gallery-item wplp-item\">\n\t\t\t\t<div class=\"gallery-icon landscape\">\n\t\t\t\t<a class=\"wplp_link\" href=\"https:\/\/brachwitzeralpen.wordpress.com\" target=\"_blank\">\n\t\t\t\t<img loading=\"lazy\" decoding=\"async\" width=\"525\" height=\"394\" src=\"https:\/\/www.brachwitz.eu\/wp-content\/uploads\/wp-links-page\/BrachwitzerAlpeneV1777492205-768x576.jpg\" class=\"attachment-medium_large size-medium_large\" alt=\"\" style=\"box-shadow: 0 5px 10px 0 rgba(0,0,0,0.2),0 5px 15px 0 rgba(0,0,0,0.19);\" srcset=\"https:\/\/www.brachwitz.eu\/wp-content\/uploads\/wp-links-page\/BrachwitzerAlpeneV1777492205-768x576.jpg 768w, https:\/\/www.brachwitz.eu\/wp-content\/uploads\/wp-links-page\/BrachwitzerAlpeneV1777492205-300x225.jpg 300w, https:\/\/www.brachwitz.eu\/wp-content\/uploads\/wp-links-page\/BrachwitzerAlpeneV1777492205-1024x768.jpg 1024w, https:\/\/www.brachwitz.eu\/wp-content\/uploads\/wp-links-page\/BrachwitzerAlpeneV1777492205.jpg 1280w\" sizes=\"auto, 100vw\" \/>\n\t\t\t\t<p class=\"wplp_display\" style=\"font-style: italic; text-align: center\" >Brachwitzer Alpen e.V.<\/p>\n\t\t\t\t<p class=\"wplp_desc\" style=\"\"><\/p>\n\t\t\t\t<\/a>\n\t\t\t\t<\/div>\n\t\t\t\t<\/figure><div class=\"pagination\"><\/div><\/div><div style=\"clear:both;\"><\/div><\/p>\n","protected":false},"excerpt":{"rendered":"","protected":false},"author":1,"featured_media":0,"parent":0,"menu_order":0,"comment_status":"closed","ping_status":"closed","template":"","meta":{"_exactmetrics_skip_tracking":false,"_exactmetrics_sitenote_active":false,"_exactmetrics_sitenote_note":"","_exactmetrics_sitenote_category":0,"jetpack_post_was_ever_published":false,"footnotes":""},"class_list":["post-126","page","type-page","status-publish","hentry"],"yoast_head":"<!-- This site is optimized with the Yoast SEO plugin v27.1.1 - https:\/\/yoast.com\/product\/yoast-seo-wordpress\/ -->\n<title>Links - Brachwitz<\/title>\n<meta name=\"robots\" content=\"index, follow, max-snippet:-1, max-image-preview:large, max-video-preview:-1\" \/>\n<link rel=\"canonical\" href=\"https:\/\/www.brachwitz.eu\/index.php\/links\/\" \/>\n<meta property=\"og:locale\" content=\"de_DE\" \/>\n<meta property=\"og:type\" content=\"article\" \/>\n<meta property=\"og:title\" content=\"Links - Brachwitz\" \/>\n<meta property=\"og:url\" content=\"https:\/\/www.brachwitz.eu\/index.php\/links\/\" \/>\n<meta property=\"og:site_name\" content=\"Brachwitz\" \/>\n<meta property=\"article:modified_time\" content=\"2018-10-16T20:16:03+00:00\" \/>\n<meta name=\"twitter:card\" content=\"summary_large_image\" \/>\n<script type=\"application\/ld+json\" class=\"yoast-schema-graph\">{\"@context\":\"https:\/\/schema.org\",\"@graph\":[{\"@type\":\"WebPage\",\"@id\":\"https:\/\/www.brachwitz.eu\/index.php\/links\/\",\"url\":\"https:\/\/www.brachwitz.eu\/index.php\/links\/\",\"name\":\"Links - Brachwitz\",\"isPartOf\":{\"@id\":\"https:\/\/www.brachwitz.eu\/#website\"},\"datePublished\":\"2018-10-15T19:40:34+00:00\",\"dateModified\":\"2018-10-16T20:16:03+00:00\",\"breadcrumb\":{\"@id\":\"https:\/\/www.brachwitz.eu\/index.php\/links\/#breadcrumb\"},\"inLanguage\":\"de\",\"potentialAction\":[{\"@type\":\"ReadAction\",\"target\":[\"https:\/\/www.brachwitz.eu\/index.php\/links\/\"]}]},{\"@type\":\"BreadcrumbList\",\"@id\":\"https:\/\/www.brachwitz.eu\/index.php\/links\/#breadcrumb\",\"itemListElement\":[{\"@type\":\"ListItem\",\"position\":1,\"name\":\"Startseite\",\"item\":\"https:\/\/www.brachwitz.eu\/\"},{\"@type\":\"ListItem\",\"position\":2,\"name\":\"Links\"}]},{\"@type\":\"WebSite\",\"@id\":\"https:\/\/www.brachwitz.eu\/#website\",\"url\":\"https:\/\/www.brachwitz.eu\/\",\"name\":\"Brachwitz\",\"description\":\"Die Perle an der Saale\",\"potentialAction\":[{\"@type\":\"SearchAction\",\"target\":{\"@type\":\"EntryPoint\",\"urlTemplate\":\"https:\/\/www.brachwitz.eu\/?s={search_term_string}\"},\"query-input\":{\"@type\":\"PropertyValueSpecification\",\"valueRequired\":true,\"valueName\":\"search_term_string\"}}],\"inLanguage\":\"de\"}]}<\/script>\n<!-- \/ Yoast SEO plugin. -->","yoast_head_json":{"title":"Links - Brachwitz","robots":{"index":"index","follow":"follow","max-snippet":"max-snippet:-1","max-image-preview":"max-image-preview:large","max-video-preview":"max-video-preview:-1"},"canonical":"https:\/\/www.brachwitz.eu\/index.php\/links\/","og_locale":"de_DE","og_type":"article","og_title":"Links - Brachwitz","og_url":"https:\/\/www.brachwitz.eu\/index.php\/links\/","og_site_name":"Brachwitz","article_modified_time":"2018-10-16T20:16:03+00:00","twitter_card":"summary_large_image","schema":{"@context":"https:\/\/schema.org","@graph":[{"@type":"WebPage","@id":"https:\/\/www.brachwitz.eu\/index.php\/links\/","url":"https:\/\/www.brachwitz.eu\/index.php\/links\/","name":"Links - Brachwitz","isPartOf":{"@id":"https:\/\/www.brachwitz.eu\/#website"},"datePublished":"2018-10-15T19:40:34+00:00","dateModified":"2018-10-16T20:16:03+00:00","breadcrumb":{"@id":"https:\/\/www.brachwitz.eu\/index.php\/links\/#breadcrumb"},"inLanguage":"de","potentialAction":[{"@type":"ReadAction","target":["https:\/\/www.brachwitz.eu\/index.php\/links\/"]}]},{"@type":"BreadcrumbList","@id":"https:\/\/www.brachwitz.eu\/index.php\/links\/#breadcrumb","itemListElement":[{"@type":"ListItem","position":1,"name":"Startseite","item":"https:\/\/www.brachwitz.eu\/"},{"@type":"ListItem","position":2,"name":"Links"}]},{"@type":"WebSite","@id":"https:\/\/www.brachwitz.eu\/#website","url":"https:\/\/www.brachwitz.eu\/","name":"Brachwitz","description":"Die Perle an der Saale","potentialAction":[{"@type":"SearchAction","target":{"@type":"EntryPoint","urlTemplate":"https:\/\/www.brachwitz.eu\/?s={search_term_string}"},"query-input":{"@type":"PropertyValueSpecification","valueRequired":true,"valueName":"search_term_string"}}],"inLanguage":"de"}]}},"jetpack_sharing_enabled":true,"jetpack_shortlink":"https:\/\/wp.me\/PaziYC-22","_links":{"self":[{"href":"https:\/\/www.brachwitz.eu\/index.php\/wp-json\/wp\/v2\/pages\/126","targetHints":{"allow":["GET"]}}],"collection":[{"href":"https:\/\/www.brachwitz.eu\/index.php\/wp-json\/wp\/v2\/pages"}],"about":[{"href":"https:\/\/www.brachwitz.eu\/index.php\/wp-json\/wp\/v2\/types\/page"}],"author":[{"embeddable":true,"href":"https:\/\/www.brachwitz.eu\/index.php\/wp-json\/wp\/v2\/users\/1"}],"replies":[{"embeddable":true,"href":"https:\/\/www.brachwitz.eu\/index.php\/wp-json\/wp\/v2\/comments?post=126"}],"version-history":[{"count":14,"href":"https:\/\/www.brachwitz.eu\/index.php\/wp-json\/wp\/v2\/pages\/126\/revisions"}],"predecessor-version":[{"id":189,"href":"https:\/\/www.brachwitz.eu\/index.php\/wp-json\/wp\/v2\/pages\/126\/revisions\/189"}],"wp:attachment":[{"href":"https:\/\/www.brachwitz.eu\/index.php\/wp-json\/wp\/v2\/media?parent=126"}],"curies":[{"name":"wp","href":"https:\/\/api.w.org\/{rel}","templated":true}]}}