{"id":5,"date":"2018-07-15T21:39:26","date_gmt":"2018-07-15T19:39:26","guid":{"rendered":"http:\/\/www.brachwitz.eu\/?page_id=5"},"modified":"2026-03-14T11:23:11","modified_gmt":"2026-03-14T10:23:11","slug":"startseite","status":"publish","type":"page","link":"https:\/\/www.brachwitz.eu\/","title":{"rendered":"Brachwitz"},"content":{"rendered":"\n<p>Brachwitz &#8211; die Perle an der Saale liegt nordwestlich von Halle\/Saale.<\/p>\n\n\n\n<p>Die Gesamtfl\u00e4che des Ortes, zu dem Friedrichsschwerz geh\u00f6rt, betr\u00e4gt ca. 834 Hektar.<\/p>\n\n\n\n<p>Gelegen in einer Porphyr-H\u00fcgellandschaft, welche zu Ausl\u00e4ufern des Vulkangebietes Petersberg geh\u00f6ren. Typisch sind die schroffen Abg\u00e4nge entlang der Saale, auch &#8222;Brachwitzer Alpen&#8220; genannt. Zwischen den Feldern rund um Brachwitz finden sich immer wieder Porphyrkuppen, teils bewachsen, teils kahl. Alte Steinbr\u00fcche zeugen davon, dass fr\u00fcher hier viel Porphyr abgebaut wurde. Der Ort selbst steht gr\u00f6\u00dftenteils auf \u00e4lterem Quarzporphyr, im Nordwesten teilweise auf j\u00fcngerem Porphyr, welcher sich durch kleiner Einsprenglinge auszeichnet. Auch Verwitterungsprodukte wie Letten und Kaolin kommen hier h\u00e4ufig vor. Ein sogenanntes Zechsteinalt-Band verl\u00e4uft am Nordwesten von Brachwitz Richtung S\u00fcdost. Fr\u00fcher wurden beim Pfl\u00fcgen beachtliche Braunkohlenquarzite entdeckt.<\/p>\n\n\n\n<p>Die Vegetation ist gepr\u00e4gt durch den Regenschatten des Harzes. Lediglich rund 470 Liter Regen fallen j\u00e4hrlich pro Quadratmeter in Brachwitz. Dadurch konnten einzigartige Trockenwiesen mit seltenen Pflanzen und Insekten ausbilden.<\/p>\n\n\n\n<p>Ein Wahrzeichen des Ortes ist die Saalef\u00e4hre zu Brachwitz.<\/p>\n\n\n\n<figure class=\"wp-block-embed is-type-wp-embed is-provider-sternwarte-brachwitz wp-block-embed-sternwarte-brachwitz\"><div class=\"wp-block-embed__wrapper\">\n<blockquote class=\"wp-embedded-content\" data-secret=\"MVERIIFNKQ\"><a href=\"https:\/\/www.sternwarte-brachwitz.de\/2026\/01\/20\/polarlichter-ueber-brachwitz\/\">Polarlichter \u00fcber Brachwitz<\/a><\/blockquote><iframe loading=\"lazy\" class=\"wp-embedded-content\" sandbox=\"allow-scripts\" security=\"restricted\" style=\"position: absolute; visibility: hidden;\" title=\"&#8222;Polarlichter \u00fcber Brachwitz&#8220; &#8211; Sternwarte Brachwitz\" src=\"https:\/\/www.sternwarte-brachwitz.de\/2026\/01\/20\/polarlichter-ueber-brachwitz\/embed\/#?secret=VzfiKkgQ4C#?secret=MVERIIFNKQ\" data-secret=\"MVERIIFNKQ\" width=\"525\" height=\"296\" frameborder=\"0\" marginwidth=\"0\" marginheight=\"0\" scrolling=\"no\"><\/iframe>\n<\/div><\/figure>\n\n\n\n<figure class=\"wp-block-embed is-type-wp-embed is-provider-sternwarte-brachwitz wp-block-embed-sternwarte-brachwitz\"><div class=\"wp-block-embed__wrapper\">\n<blockquote class=\"wp-embedded-content\" data-secret=\"4Whu4r4bfG\"><a href=\"https:\/\/www.sternwarte-brachwitz.de\/2024\/10\/11\/polarlichter-ueber-brachwitz-10-10-2024\/\">Polarlichter \u00fcber Brachwitz 10.10.2024<\/a><\/blockquote><iframe loading=\"lazy\" class=\"wp-embedded-content\" sandbox=\"allow-scripts\" security=\"restricted\" style=\"position: absolute; visibility: hidden;\" title=\"&#8222;Polarlichter \u00fcber Brachwitz 10.10.2024&#8220; &#8211; Sternwarte Brachwitz\" src=\"https:\/\/www.sternwarte-brachwitz.de\/2024\/10\/11\/polarlichter-ueber-brachwitz-10-10-2024\/embed\/#?secret=XldJVxpFj8#?secret=4Whu4r4bfG\" data-secret=\"4Whu4r4bfG\" width=\"525\" height=\"296\" frameborder=\"0\" marginwidth=\"0\" marginheight=\"0\" scrolling=\"no\"><\/iframe>\n<\/div><\/figure>\n\n\n\n<p>&nbsp;<br><\/p>\n\n\n\n<p>&nbsp;<\/p>\n","protected":false},"excerpt":{"rendered":"<p>Brachwitz &#8211; die Perle an der Saale liegt nordwestlich von Halle\/Saale. Die Gesamtfl\u00e4che des Ortes, zu dem Friedrichsschwerz geh\u00f6rt, betr\u00e4gt ca. 834 Hektar. Gelegen in einer Porphyr-H\u00fcgellandschaft, welche zu Ausl\u00e4ufern des Vulkangebietes Petersberg geh\u00f6ren. Typisch sind die schroffen Abg\u00e4nge entlang der Saale, auch &#8222;Brachwitzer Alpen&#8220; genannt. Zwischen den Feldern rund um Brachwitz finden sich immer &hellip; <\/p>\n<p class=\"link-more\"><a href=\"https:\/\/www.brachwitz.eu\/\" class=\"more-link\"><span class=\"screen-reader-text\">\u201eBrachwitz\u201c <\/span>weiterlesen<\/a><\/p>\n","protected":false},"author":1,"featured_media":0,"parent":0,"menu_order":0,"comment_status":"closed","ping_status":"closed","template":"","meta":{"_exactmetrics_skip_tracking":false,"_exactmetrics_sitenote_active":false,"_exactmetrics_sitenote_note":"","_exactmetrics_sitenote_category":0,"jetpack_post_was_ever_published":false,"footnotes":""},"class_list":["post-5","page","type-page","status-publish","hentry"],"yoast_head":"<!-- This site is optimized with the Yoast SEO plugin v27.1.1 - https:\/\/yoast.com\/product\/yoast-seo-wordpress\/ -->\n<title>Brachwitz - Brachwitz<\/title>\n<meta name=\"robots\" content=\"index, follow, max-snippet:-1, max-image-preview:large, max-video-preview:-1\" \/>\n<link rel=\"canonical\" href=\"https:\/\/www.brachwitz.eu\/\" \/>\n<meta property=\"og:locale\" content=\"de_DE\" \/>\n<meta property=\"og:type\" content=\"article\" \/>\n<meta property=\"og:title\" content=\"Brachwitz - Brachwitz\" \/>\n<meta property=\"og:description\" content=\"Brachwitz &#8211; die Perle an der Saale liegt nordwestlich von Halle\/Saale. Die Gesamtfl\u00e4che des Ortes, zu dem Friedrichsschwerz geh\u00f6rt, betr\u00e4gt ca. 834 Hektar. Gelegen in einer Porphyr-H\u00fcgellandschaft, welche zu Ausl\u00e4ufern des Vulkangebietes Petersberg geh\u00f6ren. Typisch sind die schroffen Abg\u00e4nge entlang der Saale, auch &#8222;Brachwitzer Alpen&#8220; genannt. Zwischen den Feldern rund um Brachwitz finden sich immer &hellip; \u201eBrachwitz\u201c weiterlesen\" \/>\n<meta property=\"og:url\" content=\"https:\/\/www.brachwitz.eu\/\" \/>\n<meta property=\"og:site_name\" content=\"Brachwitz\" \/>\n<meta property=\"article:modified_time\" content=\"2026-03-14T10:23:11+00:00\" \/>\n<meta name=\"twitter:card\" content=\"summary_large_image\" \/>\n<meta name=\"twitter:label1\" content=\"Gesch\u00e4tzte Lesezeit\" \/>\n\t<meta name=\"twitter:data1\" content=\"1\u00a0Minute\" \/>\n<script type=\"application\/ld+json\" class=\"yoast-schema-graph\">{\"@context\":\"https:\/\/schema.org\",\"@graph\":[{\"@type\":\"WebPage\",\"@id\":\"https:\/\/www.brachwitz.eu\/\",\"url\":\"https:\/\/www.brachwitz.eu\/\",\"name\":\"Brachwitz - Brachwitz\",\"isPartOf\":{\"@id\":\"https:\/\/www.brachwitz.eu\/#website\"},\"datePublished\":\"2018-07-15T19:39:26+00:00\",\"dateModified\":\"2026-03-14T10:23:11+00:00\",\"breadcrumb\":{\"@id\":\"https:\/\/www.brachwitz.eu\/#breadcrumb\"},\"inLanguage\":\"de\",\"potentialAction\":[{\"@type\":\"ReadAction\",\"target\":[\"https:\/\/www.brachwitz.eu\/\"]}]},{\"@type\":\"BreadcrumbList\",\"@id\":\"https:\/\/www.brachwitz.eu\/#breadcrumb\",\"itemListElement\":[{\"@type\":\"ListItem\",\"position\":1,\"name\":\"Startseite\",\"item\":\"https:\/\/www.brachwitz.eu\/\"},{\"@type\":\"ListItem\",\"position\":2,\"name\":\"Brachwitz\"}]},{\"@type\":\"WebSite\",\"@id\":\"https:\/\/www.brachwitz.eu\/#website\",\"url\":\"https:\/\/www.brachwitz.eu\/\",\"name\":\"Brachwitz\",\"description\":\"Die Perle an der Saale\",\"potentialAction\":[{\"@type\":\"SearchAction\",\"target\":{\"@type\":\"EntryPoint\",\"urlTemplate\":\"https:\/\/www.brachwitz.eu\/?s={search_term_string}\"},\"query-input\":{\"@type\":\"PropertyValueSpecification\",\"valueRequired\":true,\"valueName\":\"search_term_string\"}}],\"inLanguage\":\"de\"}]}<\/script>\n<!-- \/ Yoast SEO plugin. -->","yoast_head_json":{"title":"Brachwitz - Brachwitz","robots":{"index":"index","follow":"follow","max-snippet":"max-snippet:-1","max-image-preview":"max-image-preview:large","max-video-preview":"max-video-preview:-1"},"canonical":"https:\/\/www.brachwitz.eu\/","og_locale":"de_DE","og_type":"article","og_title":"Brachwitz - Brachwitz","og_description":"Brachwitz &#8211; die Perle an der Saale liegt nordwestlich von Halle\/Saale. Die Gesamtfl\u00e4che des Ortes, zu dem Friedrichsschwerz geh\u00f6rt, betr\u00e4gt ca. 834 Hektar. Gelegen in einer Porphyr-H\u00fcgellandschaft, welche zu Ausl\u00e4ufern des Vulkangebietes Petersberg geh\u00f6ren. Typisch sind die schroffen Abg\u00e4nge entlang der Saale, auch &#8222;Brachwitzer Alpen&#8220; genannt. Zwischen den Feldern rund um Brachwitz finden sich immer &hellip; \u201eBrachwitz\u201c weiterlesen","og_url":"https:\/\/www.brachwitz.eu\/","og_site_name":"Brachwitz","article_modified_time":"2026-03-14T10:23:11+00:00","twitter_card":"summary_large_image","twitter_misc":{"Gesch\u00e4tzte Lesezeit":"1\u00a0Minute"},"schema":{"@context":"https:\/\/schema.org","@graph":[{"@type":"WebPage","@id":"https:\/\/www.brachwitz.eu\/","url":"https:\/\/www.brachwitz.eu\/","name":"Brachwitz - Brachwitz","isPartOf":{"@id":"https:\/\/www.brachwitz.eu\/#website"},"datePublished":"2018-07-15T19:39:26+00:00","dateModified":"2026-03-14T10:23:11+00:00","breadcrumb":{"@id":"https:\/\/www.brachwitz.eu\/#breadcrumb"},"inLanguage":"de","potentialAction":[{"@type":"ReadAction","target":["https:\/\/www.brachwitz.eu\/"]}]},{"@type":"BreadcrumbList","@id":"https:\/\/www.brachwitz.eu\/#breadcrumb","itemListElement":[{"@type":"ListItem","position":1,"name":"Startseite","item":"https:\/\/www.brachwitz.eu\/"},{"@type":"ListItem","position":2,"name":"Brachwitz"}]},{"@type":"WebSite","@id":"https:\/\/www.brachwitz.eu\/#website","url":"https:\/\/www.brachwitz.eu\/","name":"Brachwitz","description":"Die Perle an der Saale","potentialAction":[{"@type":"SearchAction","target":{"@type":"EntryPoint","urlTemplate":"https:\/\/www.brachwitz.eu\/?s={search_term_string}"},"query-input":{"@type":"PropertyValueSpecification","valueRequired":true,"valueName":"search_term_string"}}],"inLanguage":"de"}]}},"jetpack_sharing_enabled":true,"jetpack_shortlink":"https:\/\/wp.me\/PaziYC-5","_links":{"self":[{"href":"https:\/\/www.brachwitz.eu\/index.php\/wp-json\/wp\/v2\/pages\/5","targetHints":{"allow":["GET"]}}],"collection":[{"href":"https:\/\/www.brachwitz.eu\/index.php\/wp-json\/wp\/v2\/pages"}],"about":[{"href":"https:\/\/www.brachwitz.eu\/index.php\/wp-json\/wp\/v2\/types\/page"}],"author":[{"embeddable":true,"href":"https:\/\/www.brachwitz.eu\/index.php\/wp-json\/wp\/v2\/users\/1"}],"replies":[{"embeddable":true,"href":"https:\/\/www.brachwitz.eu\/index.php\/wp-json\/wp\/v2\/comments?post=5"}],"version-history":[{"count":20,"href":"https:\/\/www.brachwitz.eu\/index.php\/wp-json\/wp\/v2\/pages\/5\/revisions"}],"predecessor-version":[{"id":36860,"href":"https:\/\/www.brachwitz.eu\/index.php\/wp-json\/wp\/v2\/pages\/5\/revisions\/36860"}],"wp:attachment":[{"href":"https:\/\/www.brachwitz.eu\/index.php\/wp-json\/wp\/v2\/media?parent=5"}],"curies":[{"name":"wp","href":"https:\/\/api.w.org\/{rel}","templated":true}]}}